{"id":289,"date":"2024-06-12T18:33:17","date_gmt":"2024-06-12T18:33:17","guid":{"rendered":"https:\/\/espetocampinas.com.br\/?page_id=289"},"modified":"2024-06-16T23:18:23","modified_gmt":"2024-06-16T23:18:23","slug":"sobre-nos","status":"publish","type":"page","link":"https:\/\/espetocampinas.com.br\/?page_id=289","title":{"rendered":"Sobre N\u00f3s"},"content":{"rendered":"\t\t<div data-elementor-type=\"wp-page\" data-elementor-id=\"289\" class=\"elementor elementor-289\" data-elementor-post-type=\"page\">\n\t\t\t\t<div class=\"elementor-element elementor-element-7db871ae e-con-full e-flex e-con e-parent\" data-id=\"7db871ae\" data-element_type=\"container\">\n\t\t<div class=\"elementor-element elementor-element-45bbef8c e-con-full e-flex e-con e-child\" data-id=\"45bbef8c\" data-element_type=\"container\">\n\t\t\t\t<div class=\"elementor-element elementor-element-505993e3 elementor-widget elementor-widget-heading\" data-id=\"505993e3\" data-element_type=\"widget\" data-widget_type=\"heading.default\">\n\t\t\t\t<div class=\"elementor-widget-container\">\n\t\t\t<style>\/*! elementor - v3.23.0 - 05-08-2024 *\/\n.elementor-heading-title{padding:0;margin:0;line-height:1}.elementor-widget-heading .elementor-heading-title[class*=elementor-size-]>a{color:inherit;font-size:inherit;line-height:inherit}.elementor-widget-heading .elementor-heading-title.elementor-size-small{font-size:15px}.elementor-widget-heading .elementor-heading-title.elementor-size-medium{font-size:19px}.elementor-widget-heading .elementor-heading-title.elementor-size-large{font-size:29px}.elementor-widget-heading .elementor-heading-title.elementor-size-xl{font-size:39px}.elementor-widget-heading .elementor-heading-title.elementor-size-xxl{font-size:59px}<\/style><h1 class=\"elementor-heading-title elementor-size-default\">Sobre N\u00f3s<\/h1>\t\t<\/div>\n\t\t\t\t<\/div>\n\t\t\t\t<div class=\"elementor-element elementor-element-6b1bfbf0 elementor-widget elementor-widget-text-editor\" data-id=\"6b1bfbf0\" data-element_type=\"widget\" data-widget_type=\"text-editor.default\">\n\t\t\t\t<div class=\"elementor-widget-container\">\n\t\t\t<style>\/*! elementor - v3.23.0 - 05-08-2024 *\/\n.elementor-widget-text-editor.elementor-drop-cap-view-stacked .elementor-drop-cap{background-color:#69727d;color:#fff}.elementor-widget-text-editor.elementor-drop-cap-view-framed .elementor-drop-cap{color:#69727d;border:3px solid;background-color:transparent}.elementor-widget-text-editor:not(.elementor-drop-cap-view-default) .elementor-drop-cap{margin-top:8px}.elementor-widget-text-editor:not(.elementor-drop-cap-view-default) .elementor-drop-cap-letter{width:1em;height:1em}.elementor-widget-text-editor .elementor-drop-cap{float:left;text-align:center;line-height:1;font-size:50px}.elementor-widget-text-editor .elementor-drop-cap-letter{display:inline-block}<\/style>\t\t\t\t<p>A Espeto Campinas \u00e9 uma empresa especializada na organiza\u00e7\u00e3o de festas e eventos em geral, incluindo confraterniza\u00e7\u00f5es, anivers\u00e1rios, casamentos, batizados e festas juninas. Desde 2011, atuamos no planejamento e na execu\u00e7\u00e3o de eventos, sempre focando na melhor rela\u00e7\u00e3o custo-benef\u00edcio, qualidade, atendimento, confiabilidade e seguran\u00e7a. Situada em Campinas, atendemos todo o estado de S\u00e3o Paulo, oferecendo equipamentos e uma equipe profissional dedicada a tornar seu evento inesquec\u00edvel.<\/p>\t\t\t\t\t\t<\/div>\n\t\t\t\t<\/div>\n\t\t\t\t<\/div>\n\t\t<div class=\"elementor-element elementor-element-46de25e8 e-con-full e-flex e-con e-child\" data-id=\"46de25e8\" data-element_type=\"container\" data-settings=\"{&quot;background_background&quot;:&quot;classic&quot;}\">\n\t\t\t\t<div class=\"elementor-element elementor-element-29eed640 elementor-widget elementor-widget-image\" data-id=\"29eed640\" data-element_type=\"widget\" data-widget_type=\"image.default\">\n\t\t\t\t<div class=\"elementor-widget-container\">\n\t\t\t<style>\/*! elementor - v3.23.0 - 05-08-2024 *\/\n.elementor-widget-image{text-align:center}.elementor-widget-image a{display:inline-block}.elementor-widget-image a img[src$=\".svg\"]{width:48px}.elementor-widget-image img{vertical-align:middle;display:inline-block}<\/style>\t\t\t\t\t\t\t\t\t\t<img fetchpriority=\"high\" decoding=\"async\" width=\"800\" height=\"451\" src=\"https:\/\/espetocampinas.com.br\/wp-content\/uploads\/2024\/06\/sobre-espeto-campinas-1024x577.jpg\" class=\"attachment-large size-large wp-image-384\" alt=\"\" srcset=\"https:\/\/espetocampinas.com.br\/wp-content\/uploads\/2024\/06\/sobre-espeto-campinas-1024x577.jpg 1024w, https:\/\/espetocampinas.com.br\/wp-content\/uploads\/2024\/06\/sobre-espeto-campinas-300x169.jpg 300w, https:\/\/espetocampinas.com.br\/wp-content\/uploads\/2024\/06\/sobre-espeto-campinas-768x433.jpg 768w, https:\/\/espetocampinas.com.br\/wp-content\/uploads\/2024\/06\/sobre-espeto-campinas-1536x866.jpg 1536w, https:\/\/espetocampinas.com.br\/wp-content\/uploads\/2024\/06\/sobre-espeto-campinas.jpg 1600w\" sizes=\"(max-width: 800px) 100vw, 800px\" \/>\t\t\t\t\t\t\t\t\t\t\t\t\t<\/div>\n\t\t\t\t<\/div>\n\t\t\t\t<\/div>\n\t\t\t\t<\/div>\n\t\t<div class=\"elementor-element elementor-element-727740f5 e-flex e-con-boxed e-con e-parent\" data-id=\"727740f5\" data-element_type=\"container\">\n\t\t\t\t\t<div class=\"e-con-inner\">\n\t\t<div class=\"elementor-element elementor-element-5d8ec782 e-con-full e-flex e-con e-child\" data-id=\"5d8ec782\" data-element_type=\"container\">\n\t\t\t\t<div class=\"elementor-element elementor-element-37abff38 elementor-widget elementor-widget-image\" data-id=\"37abff38\" data-element_type=\"widget\" data-widget_type=\"image.default\">\n\t\t\t\t<div class=\"elementor-widget-container\">\n\t\t\t\t\t\t\t\t\t\t\t\t\t<img decoding=\"async\" width=\"1280\" height=\"576\" src=\"https:\/\/espetocampinas.com.br\/wp-content\/uploads\/2024\/06\/nossa-missao-espeto-campinas.jpg\" class=\"attachment-full size-full wp-image-386\" alt=\"\" srcset=\"https:\/\/espetocampinas.com.br\/wp-content\/uploads\/2024\/06\/nossa-missao-espeto-campinas.jpg 1280w, https:\/\/espetocampinas.com.br\/wp-content\/uploads\/2024\/06\/nossa-missao-espeto-campinas-300x135.jpg 300w, https:\/\/espetocampinas.com.br\/wp-content\/uploads\/2024\/06\/nossa-missao-espeto-campinas-1024x461.jpg 1024w, https:\/\/espetocampinas.com.br\/wp-content\/uploads\/2024\/06\/nossa-missao-espeto-campinas-768x346.jpg 768w\" sizes=\"(max-width: 1280px) 100vw, 1280px\" loading=\"lazy\" \/>\t\t\t\t\t\t\t\t\t\t\t\t\t<\/div>\n\t\t\t\t<\/div>\n\t\t\t\t<\/div>\n\t\t<div class=\"elementor-element elementor-element-30675323 e-con-full e-flex e-con e-child\" data-id=\"30675323\" data-element_type=\"container\">\n\t\t\t\t<div class=\"elementor-element elementor-element-5df4543e elementor-widget elementor-widget-heading\" data-id=\"5df4543e\" data-element_type=\"widget\" data-widget_type=\"heading.default\">\n\t\t\t\t<div class=\"elementor-widget-container\">\n\t\t\t<h2 class=\"elementor-heading-title elementor-size-default\">Nossa Miss\u00e3o<\/h2>\t\t<\/div>\n\t\t\t\t<\/div>\n\t\t\t\t<div class=\"elementor-element elementor-element-4b3174e9 elementor-widget elementor-widget-text-editor\" data-id=\"4b3174e9\" data-element_type=\"widget\" data-widget_type=\"text-editor.default\">\n\t\t\t\t<div class=\"elementor-widget-container\">\n\t\t\t\t\t\t\t<p>Ser a melhor empresa de produtos e servi\u00e7os para alimenta\u00e7\u00e3o de festas e eventos, proporcionando momentos \u00fanicos e memor\u00e1veis para nossos clientes.<\/p>\t\t\t\t\t\t<\/div>\n\t\t\t\t<\/div>\n\t\t\t\t<\/div>\n\t\t\t\t\t<\/div>\n\t\t\t\t<\/div>\n\t\t<div class=\"elementor-element elementor-element-37c6d68a e-flex e-con-boxed e-con e-parent\" data-id=\"37c6d68a\" data-element_type=\"container\">\n\t\t\t\t\t<div class=\"e-con-inner\">\n\t\t<div class=\"elementor-element elementor-element-280102e4 e-con-full e-flex e-con e-child\" data-id=\"280102e4\" data-element_type=\"container\">\n\t\t\t\t<div class=\"elementor-element elementor-element-7361150 elementor-widget elementor-widget-heading\" data-id=\"7361150\" data-element_type=\"widget\" data-widget_type=\"heading.default\">\n\t\t\t\t<div class=\"elementor-widget-container\">\n\t\t\t<h2 class=\"elementor-heading-title elementor-size-default\">Porqu\u00ea Nos Escolher<\/h2>\t\t<\/div>\n\t\t\t\t<\/div>\n\t\t\t\t<div class=\"elementor-element elementor-element-2c63bca8 elementor-widget elementor-widget-text-editor\" data-id=\"2c63bca8\" data-element_type=\"widget\" data-widget_type=\"text-editor.default\">\n\t\t\t\t<div class=\"elementor-widget-container\">\n\t\t\t\t\t\t\t<p>Escolher a Espeto Campinas \u00e9 optar por uma empresa que valoriza a honestidade, transpar\u00eancia e \u00e9tica em todas as suas a\u00e7\u00f5es. Garantimos pontualidade e responsabilidade, entregando produtos e servi\u00e7os de qualidade. Nossa rela\u00e7\u00e3o com colaboradores, parceiros e clientes \u00e9 baseada na confian\u00e7a e fidelidade, assegurando uma experi\u00eancia completa e satisfat\u00f3ria para todos os tipos de eventos.<\/p>\t\t\t\t\t\t<\/div>\n\t\t\t\t<\/div>\n\t\t\t\t<\/div>\n\t\t<div class=\"elementor-element elementor-element-5422fc43 e-con-full e-flex e-con e-child\" data-id=\"5422fc43\" data-element_type=\"container\">\n\t\t\t\t<div class=\"elementor-element elementor-element-7bc3a01 elementor-widget elementor-widget-image\" data-id=\"7bc3a01\" data-element_type=\"widget\" data-widget_type=\"image.default\">\n\t\t\t\t<div class=\"elementor-widget-container\">\n\t\t\t\t\t\t\t\t\t\t\t\t\t<img decoding=\"async\" width=\"461\" height=\"1024\" src=\"https:\/\/espetocampinas.com.br\/wp-content\/uploads\/2024\/06\/escolher-espeto-campinas-461x1024.jpg\" class=\"attachment-large size-large wp-image-387\" alt=\"\" srcset=\"https:\/\/espetocampinas.com.br\/wp-content\/uploads\/2024\/06\/escolher-espeto-campinas-461x1024.jpg 461w, https:\/\/espetocampinas.com.br\/wp-content\/uploads\/2024\/06\/escolher-espeto-campinas-135x300.jpg 135w, https:\/\/espetocampinas.com.br\/wp-content\/uploads\/2024\/06\/escolher-espeto-campinas.jpg 576w\" sizes=\"(max-width: 461px) 100vw, 461px\" loading=\"lazy\" \/>\t\t\t\t\t\t\t\t\t\t\t\t\t<\/div>\n\t\t\t\t<\/div>\n\t\t\t\t<\/div>\n\t\t\t\t\t<\/div>\n\t\t\t\t<\/div>\n\t\t\t\t<\/div>\n\t\t","protected":false},"excerpt":{"rendered":"<p>Sobre N\u00f3s A Espeto Campinas \u00e9 uma empresa especializada na organiza\u00e7\u00e3o de festas e eventos em geral, incluindo confraterniza\u00e7\u00f5es, anivers\u00e1rios, casamentos, batizados e festas juninas. Desde 2011, atuamos no planejamento e na execu\u00e7\u00e3o de eventos, sempre focando na melhor rela\u00e7\u00e3o custo-benef\u00edcio, qualidade, atendimento, confiabilidade e seguran\u00e7a. Situada em Campinas, atendemos todo o estado de S\u00e3o [&hellip;]<\/p>\n","protected":false},"author":2,"featured_media":0,"parent":0,"menu_order":0,"comment_status":"closed","ping_status":"closed","template":"","meta":{"footnotes":""},"class_list":["post-289","page","type-page","status-publish","hentry"],"aioseo_notices":[],"_links":{"self":[{"href":"https:\/\/espetocampinas.com.br\/index.php?rest_route=\/wp\/v2\/pages\/289","targetHints":{"allow":["GET"]}}],"collection":[{"href":"https:\/\/espetocampinas.com.br\/index.php?rest_route=\/wp\/v2\/pages"}],"about":[{"href":"https:\/\/espetocampinas.com.br\/index.php?rest_route=\/wp\/v2\/types\/page"}],"author":[{"embeddable":true,"href":"https:\/\/espetocampinas.com.br\/index.php?rest_route=\/wp\/v2\/users\/2"}],"replies":[{"embeddable":true,"href":"https:\/\/espetocampinas.com.br\/index.php?rest_route=%2Fwp%2Fv2%2Fcomments&post=289"}],"version-history":[{"count":13,"href":"https:\/\/espetocampinas.com.br\/index.php?rest_route=\/wp\/v2\/pages\/289\/revisions"}],"predecessor-version":[{"id":396,"href":"https:\/\/espetocampinas.com.br\/index.php?rest_route=\/wp\/v2\/pages\/289\/revisions\/396"}],"wp:attachment":[{"href":"https:\/\/espetocampinas.com.br\/index.php?rest_route=%2Fwp%2Fv2%2Fmedia&parent=289"}],"curies":[{"name":"wp","href":"https:\/\/api.w.org\/{rel}","templated":true}]}}